{"id":6216,"date":"2024-12-09T23:20:49","date_gmt":"2024-12-09T23:20:49","guid":{"rendered":"https:\/\/lescuriositesdalbane.fr\/?post_type=product&#038;p=6216"},"modified":"2025-01-10T17:26:33","modified_gmt":"2025-01-10T17:26:33","slug":"attache-tetine-diamond","status":"publish","type":"product","link":"https:\/\/lescuriositesdalbane.fr\/?product=attache-tetine-diamond","title":{"rendered":"ATTACHE T\u00c9TINE \u00ab\u00a0DIAMOND\u00a0\u00bb"},"content":{"rendered":"<p>Attache en macram\u00e9, pour que b\u00e9b\u00e9 puisse gambader avec style et que sa t\u00e9tine reste accroch\u00e9e en toute circonstance.<br \/>\nCe mod\u00e8le peut-\u00eatre personnalis\u00e9 avec le pr\u00e9nom de b\u00e9b\u00e9.<\/p>\n<p><strong>Attention : La norme de s\u00e9curit\u00e9 pour ce type produit \u00e9tant de 22 centim\u00e8tres de longueur <span class=\"BxUVEf ILfuVd\" lang=\"fr\"><span class=\"hgKElc\"><b>afin d&rsquo;\u00e9viter tous risques de strangulation<\/b><\/span><\/span>, le pr\u00e9nom (en cas de personnalisation) ne devra pas exc\u00e9der 8 lettres pour ce mod\u00e8le.<\/strong><\/p>\n<p><strong>Composition :<\/strong> corde 100% coton certifi\u00e9e GOTS et OEKO-TEX, attache en bois<br \/>\nPersonnalisation : perles en bois avec lettres inscrites dessus.<br \/>\n<strong>Dimension :<\/strong> env. 22cm<br \/>\n<strong>Exp\u00e9dition : <\/strong>5 jours ouvrables<\/p>\n","protected":false},"excerpt":{"rendered":"<p>Attache en macram\u00e9, pour que b\u00e9b\u00e9 puisse gambader avec style et que sa t\u00e9tine reste accroch\u00e9e en toute circonstance. Ce mod\u00e8le peut-\u00eatre personnalis\u00e9 avec le pr\u00e9nom de b\u00e9b\u00e9. Attention : La norme de s\u00e9curit\u00e9 pour ce type produit \u00e9tant de 22 centim\u00e8tres de longueur afin d&rsquo;\u00e9viter tous risques de strangulation, le pr\u00e9nom (en cas de [&hellip;]<\/p>\n","protected":false},"featured_media":6218,"template":"","meta":{"_et_pb_use_builder":"","_et_pb_old_content":"","_et_gb_content_width":"","om_disable_all_campaigns":false,"_monsterinsights_skip_tracking":false,"_monsterinsights_sitenote_active":false,"_monsterinsights_sitenote_note":"","_monsterinsights_sitenote_category":0},"product_cat":[36,31],"product_tag":[],"aioseo_notices":[],"_links":{"self":[{"href":"https:\/\/lescuriositesdalbane.fr\/index.php?rest_route=\/wp\/v2\/product\/6216"}],"collection":[{"href":"https:\/\/lescuriositesdalbane.fr\/index.php?rest_route=\/wp\/v2\/product"}],"about":[{"href":"https:\/\/lescuriositesdalbane.fr\/index.php?rest_route=\/wp\/v2\/types\/product"}],"wp:featuredmedia":[{"embeddable":true,"href":"https:\/\/lescuriositesdalbane.fr\/index.php?rest_route=\/wp\/v2\/media\/6218"}],"wp:attachment":[{"href":"https:\/\/lescuriositesdalbane.fr\/index.php?rest_route=%2Fwp%2Fv2%2Fmedia&parent=6216"}],"wp:term":[{"taxonomy":"product_cat","embeddable":true,"href":"https:\/\/lescuriositesdalbane.fr\/index.php?rest_route=%2Fwp%2Fv2%2Fproduct_cat&post=6216"},{"taxonomy":"product_tag","embeddable":true,"href":"https:\/\/lescuriositesdalbane.fr\/index.php?rest_route=%2Fwp%2Fv2%2Fproduct_tag&post=6216"}],"curies":[{"name":"wp","href":"https:\/\/api.w.org\/{rel}","templated":true}]}}