{"id":6126,"date":"2023-12-08T17:32:05","date_gmt":"2023-12-08T17:32:05","guid":{"rendered":"https:\/\/lescuriositesdalbane.fr\/?post_type=product&#038;p=6126"},"modified":"2024-04-01T12:09:33","modified_gmt":"2024-04-01T12:09:33","slug":"cotons-demaquillants-lavables-forest-pine","status":"publish","type":"product","link":"https:\/\/lescuriositesdalbane.fr\/?product=cotons-demaquillants-lavables-forest-pine","title":{"rendered":"COTONS D\u00c9MAQUILLANTS LAVABLES FOREST PINE"},"content":{"rendered":"<p>Adoptez une d\u00e9marche z\u00e9ro d\u00e9chet en vous procurant nos cotons d\u00e9maquillants lavables. \u2028Leur dimension 10x10cm est id\u00e9al pour un d\u00e9maquillage parfait.\u2028Nos cotons sont vendus par lot de 5 et poss\u00e8dent tous une face en \u00e9ponge de bambou pour vous garantir un nettoyage en douceur. \u2028Retrouvez \u00e9galement 2 cotons avec une face en nid d\u2019abeille pour un nettoyage en profondeur.<\/p>\n<p><strong>Composition :<\/strong> \u2028Tissus motif et nid d\u2019abeille : 100% coton \u2028\u00c9ponge bambou : 60% Viscose, 30% Polyester, 10% Coton<\/p>\n<p><strong>Dimension :<\/strong> env. 10x10cm<\/p>\n","protected":false},"excerpt":{"rendered":"<p>Adoptez une d\u00e9marche z\u00e9ro d\u00e9chet en vous procurant nos cotons d\u00e9maquillants lavables. \u2028Leur dimension 10x10cm est id\u00e9al pour un d\u00e9maquillage parfait.\u2028Nos cotons sont vendus par lot de 5 et poss\u00e8dent tous une face en \u00e9ponge de bambou pour vous garantir un nettoyage en douceur. \u2028Retrouvez \u00e9galement 2 cotons avec une face en nid d\u2019abeille pour [&hellip;]<\/p>\n","protected":false},"featured_media":6127,"template":"","meta":{"_et_pb_use_builder":"","_et_pb_old_content":"","_et_gb_content_width":"","om_disable_all_campaigns":false,"_monsterinsights_skip_tracking":false,"_monsterinsights_sitenote_active":false,"_monsterinsights_sitenote_note":"","_monsterinsights_sitenote_category":0},"product_cat":[32,35],"product_tag":[],"aioseo_notices":[],"_links":{"self":[{"href":"https:\/\/lescuriositesdalbane.fr\/index.php?rest_route=\/wp\/v2\/product\/6126"}],"collection":[{"href":"https:\/\/lescuriositesdalbane.fr\/index.php?rest_route=\/wp\/v2\/product"}],"about":[{"href":"https:\/\/lescuriositesdalbane.fr\/index.php?rest_route=\/wp\/v2\/types\/product"}],"wp:featuredmedia":[{"embeddable":true,"href":"https:\/\/lescuriositesdalbane.fr\/index.php?rest_route=\/wp\/v2\/media\/6127"}],"wp:attachment":[{"href":"https:\/\/lescuriositesdalbane.fr\/index.php?rest_route=%2Fwp%2Fv2%2Fmedia&parent=6126"}],"wp:term":[{"taxonomy":"product_cat","embeddable":true,"href":"https:\/\/lescuriositesdalbane.fr\/index.php?rest_route=%2Fwp%2Fv2%2Fproduct_cat&post=6126"},{"taxonomy":"product_tag","embeddable":true,"href":"https:\/\/lescuriositesdalbane.fr\/index.php?rest_route=%2Fwp%2Fv2%2Fproduct_tag&post=6126"}],"curies":[{"name":"wp","href":"https:\/\/api.w.org\/{rel}","templated":true}]}}