{"id":6099,"date":"2023-07-05T15:08:33","date_gmt":"2023-07-05T15:08:33","guid":{"rendered":"https:\/\/lescuriositesdalbane.fr\/?post_type=product&#038;p=6099"},"modified":"2024-04-01T12:12:46","modified_gmt":"2024-04-01T12:12:46","slug":"marque-page-macrame","status":"publish","type":"product","link":"https:\/\/lescuriositesdalbane.fr\/?product=marque-page-macrame","title":{"rendered":"MARQUE-PAGE MACRAM\u00c9"},"content":{"rendered":"<p>Accompagnez vos doux moments de lecture avec un joli marque-page en macram\u00e9. Fin et d\u00e9licat, il se glissera \u00e9l\u00e9gamment dans tout format de livre, du poche au broch\u00e9. C&rsquo;est un cadeau id\u00e9al pour les amoureux de lecture.<\/p>\n<p><strong>Composition :<\/strong> corde 100% coton certifi\u00e9e GOTS et OEKO-TEX, anneau en bois<br \/>\n<strong>Dimension :<\/strong> env. 3&#215;20 cm (ne tient pas compte de la longueur du pompon)<\/p>\n","protected":false},"excerpt":{"rendered":"<p>Accompagnez vos doux moments de lecture avec un joli marque-page en macram\u00e9. Fin et d\u00e9licat, il se glissera \u00e9l\u00e9gamment dans tout format de livre, du poche au broch\u00e9. C&rsquo;est un cadeau id\u00e9al pour les amoureux de lecture. Composition : corde 100% coton certifi\u00e9e GOTS et OEKO-TEX, anneau en bois Dimension : env. 3&#215;20 cm (ne [&hellip;]<\/p>\n","protected":false},"featured_media":6100,"template":"","meta":{"_et_pb_use_builder":"","_et_pb_old_content":"","_et_gb_content_width":"","om_disable_all_campaigns":false,"_monsterinsights_skip_tracking":false,"_monsterinsights_sitenote_active":false,"_monsterinsights_sitenote_note":"","_monsterinsights_sitenote_category":0},"product_cat":[31,37],"product_tag":[],"aioseo_notices":[],"_links":{"self":[{"href":"https:\/\/lescuriositesdalbane.fr\/index.php?rest_route=\/wp\/v2\/product\/6099"}],"collection":[{"href":"https:\/\/lescuriositesdalbane.fr\/index.php?rest_route=\/wp\/v2\/product"}],"about":[{"href":"https:\/\/lescuriositesdalbane.fr\/index.php?rest_route=\/wp\/v2\/types\/product"}],"wp:featuredmedia":[{"embeddable":true,"href":"https:\/\/lescuriositesdalbane.fr\/index.php?rest_route=\/wp\/v2\/media\/6100"}],"wp:attachment":[{"href":"https:\/\/lescuriositesdalbane.fr\/index.php?rest_route=%2Fwp%2Fv2%2Fmedia&parent=6099"}],"wp:term":[{"taxonomy":"product_cat","embeddable":true,"href":"https:\/\/lescuriositesdalbane.fr\/index.php?rest_route=%2Fwp%2Fv2%2Fproduct_cat&post=6099"},{"taxonomy":"product_tag","embeddable":true,"href":"https:\/\/lescuriositesdalbane.fr\/index.php?rest_route=%2Fwp%2Fv2%2Fproduct_tag&post=6099"}],"curies":[{"name":"wp","href":"https:\/\/api.w.org\/{rel}","templated":true}]}}