{"id":6069,"date":"2023-06-13T14:58:29","date_gmt":"2023-06-13T14:58:29","guid":{"rendered":"https:\/\/lescuriositesdalbane.fr\/?post_type=product&#038;p=6069"},"modified":"2025-01-10T17:32:31","modified_gmt":"2025-01-10T17:32:31","slug":"suspension-retroviseur-macrame","status":"publish","type":"product","link":"https:\/\/lescuriositesdalbane.fr\/?product=suspension-retroviseur-macrame","title":{"rendered":"SUSPENSION R\u00c9TROVISEUR MACRAM\u00c9"},"content":{"rendered":"<p>Envie d&rsquo;apporter une touche de d\u00e9coration naturelle \u00e0 votre voiture ? Cet accessoire sera parfait \u00e0 accrocher \u00e0 votre r\u00e9troviseur.<br \/>\nAvec sa corde naturelle ainsi que son anneau et perles en bois, il fera \u00e0 coup s\u00fbr son effet !<br \/>\nVous pouvez \u00e9galement d\u00e9poser quelques gouttes d&rsquo;huiles essentielles sur la perle afin de parfumer l&rsquo;int\u00e9rieur de votre voiture.<\/p>\n<p><strong>Composition :<\/strong> corde 100% coton certifi\u00e9e GOTS et OEKO-TEX, perles et anneau en bois<br \/>\n<strong>Dimension :<\/strong> env. 10&#215;10 cm \/ longueur corde pour l&rsquo;accroche env. 15 cm<\/p>\n","protected":false},"excerpt":{"rendered":"<p>Envie d&rsquo;apporter une touche de d\u00e9coration naturelle \u00e0 votre voiture ? Cet accessoire sera parfait \u00e0 accrocher \u00e0 votre r\u00e9troviseur. Avec sa corde naturelle ainsi que son anneau et perles en bois, il fera \u00e0 coup s\u00fbr son effet ! Vous pouvez \u00e9galement d\u00e9poser quelques gouttes d&rsquo;huiles essentielles sur la perle afin de parfumer l&rsquo;int\u00e9rieur [&hellip;]<\/p>\n","protected":false},"featured_media":6090,"template":"","meta":{"_et_pb_use_builder":"","_et_pb_old_content":"","_et_gb_content_width":"","om_disable_all_campaigns":false,"_monsterinsights_skip_tracking":false,"_monsterinsights_sitenote_active":false,"_monsterinsights_sitenote_note":"","_monsterinsights_sitenote_category":0},"product_cat":[31,37],"product_tag":[],"aioseo_notices":[],"_links":{"self":[{"href":"https:\/\/lescuriositesdalbane.fr\/index.php?rest_route=\/wp\/v2\/product\/6069"}],"collection":[{"href":"https:\/\/lescuriositesdalbane.fr\/index.php?rest_route=\/wp\/v2\/product"}],"about":[{"href":"https:\/\/lescuriositesdalbane.fr\/index.php?rest_route=\/wp\/v2\/types\/product"}],"wp:featuredmedia":[{"embeddable":true,"href":"https:\/\/lescuriositesdalbane.fr\/index.php?rest_route=\/wp\/v2\/media\/6090"}],"wp:attachment":[{"href":"https:\/\/lescuriositesdalbane.fr\/index.php?rest_route=%2Fwp%2Fv2%2Fmedia&parent=6069"}],"wp:term":[{"taxonomy":"product_cat","embeddable":true,"href":"https:\/\/lescuriositesdalbane.fr\/index.php?rest_route=%2Fwp%2Fv2%2Fproduct_cat&post=6069"},{"taxonomy":"product_tag","embeddable":true,"href":"https:\/\/lescuriositesdalbane.fr\/index.php?rest_route=%2Fwp%2Fv2%2Fproduct_tag&post=6069"}],"curies":[{"name":"wp","href":"https:\/\/api.w.org\/{rel}","templated":true}]}}