{"id":6047,"date":"2023-05-24T15:56:25","date_gmt":"2023-05-24T15:56:25","guid":{"rendered":"https:\/\/lescuriositesdalbane.fr\/?post_type=product&#038;p=6047"},"modified":"2024-04-01T12:15:34","modified_gmt":"2024-04-01T12:15:34","slug":"couverture-de-naissance-rainbow","status":"publish","type":"product","link":"https:\/\/lescuriositesdalbane.fr\/?product=couverture-de-naissance-rainbow","title":{"rendered":"COUVERTURE DE NAISSANCE \u00ab\u00a0RAINBOW\u00a0\u00bb"},"content":{"rendered":"<p>Une jolie couverture fait main pour emmitoufler b\u00e9b\u00e9 d\u00e8s sa naissance. Doubl\u00e9e d&rsquo;un molleton pour plus de moelleux, elle est id\u00e9ale \u00e0 emporter partout, et gardera b\u00e9b\u00e9 au chaud en toute circonstance.<br \/>\nIl est \u00e9galement possible de broder le pr\u00e9nom de b\u00e9b\u00e9 dessus. Il suffit de cocher l&rsquo;option et d&rsquo;indiquer son pr\u00e9nom ci-dessous avant d&rsquo;ajouter au panier.<\/p>\n<p><strong>Composition : <\/strong>Tissu imprim\u00e9 100% coton OEKO-TEX, tissu polaire minky 100% polyester, molleton 100% polyester.<br \/>\n<strong>Dimension :<\/strong> env. 90x70cm<br \/>\n<strong>Entretien :<\/strong> Lavage \u00e0 30\u00b0, pas de s\u00e9chage en machine. Repassage sur la face imprim\u00e9e.<br \/>\n<strong>Exp\u00e9dition : <\/strong>Les couvertures de naissance \u00e9tant r\u00e9alis\u00e9es \u00e0 la demande, un d\u00e9lai de 3 semaines est pr\u00e9vu pour la confection, puis l&rsquo;envoi. Merci d&rsquo;en tenir compte lors de votre commande.<\/p>\n","protected":false},"excerpt":{"rendered":"<p>Une jolie couverture fait main pour emmitoufler b\u00e9b\u00e9 d\u00e8s sa naissance. Doubl\u00e9e d&rsquo;un molleton pour plus de moelleux, elle est id\u00e9ale \u00e0 emporter partout, et gardera b\u00e9b\u00e9 au chaud en toute circonstance. Il est \u00e9galement possible de broder le pr\u00e9nom de b\u00e9b\u00e9 dessus. Il suffit de cocher l&rsquo;option et d&rsquo;indiquer son pr\u00e9nom ci-dessous avant d&rsquo;ajouter [&hellip;]<\/p>\n","protected":false},"featured_media":6050,"template":"","meta":{"_et_pb_use_builder":"","_et_pb_old_content":"","_et_gb_content_width":"","om_disable_all_campaigns":false,"_monsterinsights_skip_tracking":false,"_monsterinsights_sitenote_active":false,"_monsterinsights_sitenote_note":"","_monsterinsights_sitenote_category":0},"product_cat":[36,32],"product_tag":[],"aioseo_notices":[],"_links":{"self":[{"href":"https:\/\/lescuriositesdalbane.fr\/index.php?rest_route=\/wp\/v2\/product\/6047"}],"collection":[{"href":"https:\/\/lescuriositesdalbane.fr\/index.php?rest_route=\/wp\/v2\/product"}],"about":[{"href":"https:\/\/lescuriositesdalbane.fr\/index.php?rest_route=\/wp\/v2\/types\/product"}],"wp:featuredmedia":[{"embeddable":true,"href":"https:\/\/lescuriositesdalbane.fr\/index.php?rest_route=\/wp\/v2\/media\/6050"}],"wp:attachment":[{"href":"https:\/\/lescuriositesdalbane.fr\/index.php?rest_route=%2Fwp%2Fv2%2Fmedia&parent=6047"}],"wp:term":[{"taxonomy":"product_cat","embeddable":true,"href":"https:\/\/lescuriositesdalbane.fr\/index.php?rest_route=%2Fwp%2Fv2%2Fproduct_cat&post=6047"},{"taxonomy":"product_tag","embeddable":true,"href":"https:\/\/lescuriositesdalbane.fr\/index.php?rest_route=%2Fwp%2Fv2%2Fproduct_tag&post=6047"}],"curies":[{"name":"wp","href":"https:\/\/api.w.org\/{rel}","templated":true}]}}