{"id":5718,"date":"2023-04-10T14:45:29","date_gmt":"2023-04-10T14:45:29","guid":{"rendered":"https:\/\/lescuriositesdalbane.fr\/?post_type=product&#038;p=5718"},"modified":"2023-05-01T13:28:57","modified_gmt":"2023-05-01T13:28:57","slug":"porte-cle-ayumi","status":"publish","type":"product","link":"https:\/\/lescuriositesdalbane.fr\/?product=porte-cle-ayumi","title":{"rendered":"PORTE-CL\u00c9S \u00ab\u00a0AYUMI\u00a0\u00bb"},"content":{"rendered":"<p class=\"_aacl _aaco _aacu _aacx _aad7 _aade\">Ayez toujours vos cl\u00e9s \u00e0 port\u00e9e de main gr\u00e2ce \u00e0 notre mod\u00e8le de porte-cl\u00e9s en macram\u00e9 dot\u00e9 d\u2019une anse, id\u00e9al \u00e0 passer \u00e0 votre poignet.<\/p>\n<p>Ce porte-cl\u00e9s est une pi\u00e8ce unique faite \u00e0 la main, une l\u00e9g\u00e8re diff\u00e9rence de forme et de couleur peut appara\u00eetre par rapport aux photos.<\/p>\n<p><strong>Composition :<\/strong>\u00a0corde 100% coton certifi\u00e9e GOTS et OEKO-TEX, crochet bronze<br \/>\n<strong>Dimension :<\/strong> env. 19 cm (crochet inclus)<\/p>\n","protected":false},"excerpt":{"rendered":"<p>Ayez toujours vos cl\u00e9s \u00e0 port\u00e9e de main gr\u00e2ce \u00e0 notre mod\u00e8le de porte-cl\u00e9s en macram\u00e9 dot\u00e9 d\u2019une anse, id\u00e9al \u00e0 passer \u00e0 votre poignet. Ce porte-cl\u00e9s est une pi\u00e8ce unique faite \u00e0 la main, une l\u00e9g\u00e8re diff\u00e9rence de forme et de couleur peut appara\u00eetre par rapport aux photos. Composition :\u00a0corde 100% coton certifi\u00e9e GOTS [&hellip;]<\/p>\n","protected":false},"featured_media":5366,"template":"","meta":{"_et_pb_use_builder":"","_et_pb_old_content":"","_et_gb_content_width":"","om_disable_all_campaigns":false,"_monsterinsights_skip_tracking":false,"_monsterinsights_sitenote_active":false,"_monsterinsights_sitenote_note":"","_monsterinsights_sitenote_category":0},"product_cat":[31,37],"product_tag":[],"aioseo_notices":[],"_links":{"self":[{"href":"https:\/\/lescuriositesdalbane.fr\/index.php?rest_route=\/wp\/v2\/product\/5718"}],"collection":[{"href":"https:\/\/lescuriositesdalbane.fr\/index.php?rest_route=\/wp\/v2\/product"}],"about":[{"href":"https:\/\/lescuriositesdalbane.fr\/index.php?rest_route=\/wp\/v2\/types\/product"}],"wp:featuredmedia":[{"embeddable":true,"href":"https:\/\/lescuriositesdalbane.fr\/index.php?rest_route=\/wp\/v2\/media\/5366"}],"wp:attachment":[{"href":"https:\/\/lescuriositesdalbane.fr\/index.php?rest_route=%2Fwp%2Fv2%2Fmedia&parent=5718"}],"wp:term":[{"taxonomy":"product_cat","embeddable":true,"href":"https:\/\/lescuriositesdalbane.fr\/index.php?rest_route=%2Fwp%2Fv2%2Fproduct_cat&post=5718"},{"taxonomy":"product_tag","embeddable":true,"href":"https:\/\/lescuriositesdalbane.fr\/index.php?rest_route=%2Fwp%2Fv2%2Fproduct_tag&post=5718"}],"curies":[{"name":"wp","href":"https:\/\/api.w.org\/{rel}","templated":true}]}}