{"id":5581,"date":"2023-02-14T00:38:40","date_gmt":"2023-02-14T00:38:40","guid":{"rendered":"https:\/\/lescuriositesdalbane.fr\/?post_type=product&#038;p=5581"},"modified":"2024-04-01T12:39:30","modified_gmt":"2024-04-01T12:39:30","slug":"anse-de-telephone","status":"publish","type":"product","link":"https:\/\/lescuriositesdalbane.fr\/?product=anse-de-telephone","title":{"rendered":"SANGLE DE T\u00c9L\u00c9PHONE"},"content":{"rendered":"<p>Sangle de t\u00e9l\u00e9phone r\u00e9alis\u00e9e en macram\u00e9. Elle apportera une touche boh\u00e8me et naturelle \u00e0 votre t\u00e9l\u00e9phone.<br \/>\nVous pouvez \u00e9galement l&rsquo;utiliser afin d&rsquo;accessoiriser votre sac \u00e0 main. \u00c0 s&rsquo;offrir ou \u00e0 offrir \u00e0 un proche, c&rsquo;est une tr\u00e8s belle id\u00e9e cadeau qui fera son effet.<strong><br \/>\n<\/strong>Cette jolie sangle est une pi\u00e8ce unique faite \u00e0 la main, une l\u00e9g\u00e8re diff\u00e9rence de forme et de couleur peut appara\u00eetre par rapport aux photos.<strong><br \/>\n<\/strong>Elle s&rsquo;adapte aussi bien sur une coque de t\u00e9l\u00e9phone dot\u00e9e d&rsquo;attaches que sur une attache avec \u0153illet \u00e0 glisser entre le t\u00e9l\u00e9phone et la coque (non fournie avec la sangle).<\/p>\n<p><strong>Composition :<\/strong>\u00a0corde 100% coton certifi\u00e9e GOTS et OEKO-TEX, crochet bronze<br \/>\n<strong>Dimension :<\/strong> env. 120 cm<br \/>\n<strong>Exp\u00e9dition : <\/strong>10 jours ouvrables<\/p>\n","protected":false},"excerpt":{"rendered":"<p>Sangle de t\u00e9l\u00e9phone r\u00e9alis\u00e9e en macram\u00e9. Elle apportera une touche boh\u00e8me et naturelle \u00e0 votre t\u00e9l\u00e9phone. Vous pouvez \u00e9galement l&rsquo;utiliser afin d&rsquo;accessoiriser votre sac \u00e0 main. \u00c0 s&rsquo;offrir ou \u00e0 offrir \u00e0 un proche, c&rsquo;est une tr\u00e8s belle id\u00e9e cadeau qui fera son effet. Cette jolie sangle est une pi\u00e8ce unique faite \u00e0 la main, [&hellip;]<\/p>\n","protected":false},"featured_media":5571,"template":"","meta":{"_et_pb_use_builder":"","_et_pb_old_content":"","_et_gb_content_width":"","om_disable_all_campaigns":false,"_monsterinsights_skip_tracking":false,"_monsterinsights_sitenote_active":false,"_monsterinsights_sitenote_note":"","_monsterinsights_sitenote_category":0},"product_cat":[31,37],"product_tag":[],"aioseo_notices":[],"_links":{"self":[{"href":"https:\/\/lescuriositesdalbane.fr\/index.php?rest_route=\/wp\/v2\/product\/5581"}],"collection":[{"href":"https:\/\/lescuriositesdalbane.fr\/index.php?rest_route=\/wp\/v2\/product"}],"about":[{"href":"https:\/\/lescuriositesdalbane.fr\/index.php?rest_route=\/wp\/v2\/types\/product"}],"wp:featuredmedia":[{"embeddable":true,"href":"https:\/\/lescuriositesdalbane.fr\/index.php?rest_route=\/wp\/v2\/media\/5571"}],"wp:attachment":[{"href":"https:\/\/lescuriositesdalbane.fr\/index.php?rest_route=%2Fwp%2Fv2%2Fmedia&parent=5581"}],"wp:term":[{"taxonomy":"product_cat","embeddable":true,"href":"https:\/\/lescuriositesdalbane.fr\/index.php?rest_route=%2Fwp%2Fv2%2Fproduct_cat&post=5581"},{"taxonomy":"product_tag","embeddable":true,"href":"https:\/\/lescuriositesdalbane.fr\/index.php?rest_route=%2Fwp%2Fv2%2Fproduct_tag&post=5581"}],"curies":[{"name":"wp","href":"https:\/\/api.w.org\/{rel}","templated":true}]}}