{"id":5579,"date":"2023-02-14T00:33:45","date_gmt":"2023-02-14T00:33:45","guid":{"rendered":"https:\/\/lescuriositesdalbane.fr\/?post_type=product&#038;p=5579"},"modified":"2023-05-25T14:57:58","modified_gmt":"2023-05-25T14:57:58","slug":"porte-torchon-serviette","status":"publish","type":"product","link":"https:\/\/lescuriositesdalbane.fr\/?product=porte-torchon-serviette","title":{"rendered":"PORTE TORCHON \/ SERVIETTE"},"content":{"rendered":"<p>Pour en finir avec le torchon qui tra\u00eene sur le four ou sur le tiroir de la cuisine, voici enfin la solution pour apporter une touche boh\u00e8me et esth\u00e9tique. Choisissez la couleur qui s&rsquo;adaptera le mieux \u00e0 votre int\u00e9rieur. Ce porte serviette trouvera \u00e9galement sa place dans toutes les pi\u00e8ces qui en auraient besoin, salle de bain ou WC.<\/p>\n<p>Ce porte torchon \/ serviette est une pi\u00e8ce unique faite \u00e0 la main, une l\u00e9g\u00e8re diff\u00e9rence de forme et de couleur peut appara\u00eetre par rapport aux photos. La longueur peut \u00e9galement varier de quelques millim\u00e8tres en fonction de la tension des n\u0153uds.<\/p>\n<p><strong>Composition :<\/strong> corde 100% coton certifi\u00e9e GOTS et OEKO-TEX, anneaux en bois 68 mm de diam\u00e8tre<br \/>\n<strong>Dimension :<\/strong> env. 28 cm (14 cm lorsqu&rsquo;il est pli\u00e9)<br \/>\n<strong>Exp\u00e9dition : <\/strong>10 jours ouvrables<\/p>\n","protected":false},"excerpt":{"rendered":"<p>Pour en finir avec le torchon qui tra\u00eene sur le four ou sur le tiroir de la cuisine, voici enfin la solution pour apporter une touche boh\u00e8me et esth\u00e9tique. Choisissez la couleur qui s&rsquo;adaptera le mieux \u00e0 votre int\u00e9rieur. Ce porte serviette trouvera \u00e9galement sa place dans toutes les pi\u00e8ces qui en auraient besoin, salle [&hellip;]<\/p>\n","protected":false},"featured_media":5567,"template":"","meta":{"_et_pb_use_builder":"","_et_pb_old_content":"","_et_gb_content_width":"","om_disable_all_campaigns":false,"_monsterinsights_skip_tracking":false,"_monsterinsights_sitenote_active":false,"_monsterinsights_sitenote_note":"","_monsterinsights_sitenote_category":0},"product_cat":[31,37],"product_tag":[],"aioseo_notices":[],"_links":{"self":[{"href":"https:\/\/lescuriositesdalbane.fr\/index.php?rest_route=\/wp\/v2\/product\/5579"}],"collection":[{"href":"https:\/\/lescuriositesdalbane.fr\/index.php?rest_route=\/wp\/v2\/product"}],"about":[{"href":"https:\/\/lescuriositesdalbane.fr\/index.php?rest_route=\/wp\/v2\/types\/product"}],"wp:featuredmedia":[{"embeddable":true,"href":"https:\/\/lescuriositesdalbane.fr\/index.php?rest_route=\/wp\/v2\/media\/5567"}],"wp:attachment":[{"href":"https:\/\/lescuriositesdalbane.fr\/index.php?rest_route=%2Fwp%2Fv2%2Fmedia&parent=5579"}],"wp:term":[{"taxonomy":"product_cat","embeddable":true,"href":"https:\/\/lescuriositesdalbane.fr\/index.php?rest_route=%2Fwp%2Fv2%2Fproduct_cat&post=5579"},{"taxonomy":"product_tag","embeddable":true,"href":"https:\/\/lescuriositesdalbane.fr\/index.php?rest_route=%2Fwp%2Fv2%2Fproduct_tag&post=5579"}],"curies":[{"name":"wp","href":"https:\/\/api.w.org\/{rel}","templated":true}]}}