{"id":5553,"date":"2023-02-13T23:55:55","date_gmt":"2023-02-13T23:55:55","guid":{"rendered":"https:\/\/lescuriositesdalbane.fr\/?post_type=product&#038;p=5553"},"modified":"2025-01-10T17:16:30","modified_gmt":"2025-01-10T17:16:30","slug":"attache-tetine","status":"publish","type":"product","link":"https:\/\/lescuriositesdalbane.fr\/?product=attache-tetine","title":{"rendered":"ATTACHE T\u00c9TINE \u00ab\u00a0TWIST\u00a0\u00bb"},"content":{"rendered":"<p>Attache en macram\u00e9, pour que b\u00e9b\u00e9 puisse gambader avec style et que sa t\u00e9tine reste accroch\u00e9e en toute circonstance.<\/p>\n<p><strong>Composition :<\/strong> corde 100% coton certifi\u00e9e GOTS et OEKO-TEX, attache en bois<br \/>\n<strong>Dimension :<\/strong> env. 22cm<br \/>\n<strong>Exp\u00e9dition : <\/strong>5 jours ouvrables<\/p>\n","protected":false},"excerpt":{"rendered":"<p>Attache en macram\u00e9, pour que b\u00e9b\u00e9 puisse gambader avec style et que sa t\u00e9tine reste accroch\u00e9e en toute circonstance. Composition : corde 100% coton certifi\u00e9e GOTS et OEKO-TEX, attache en bois Dimension : env. 22cm Exp\u00e9dition : 5 jours ouvrables<\/p>\n","protected":false},"featured_media":5554,"template":"","meta":{"_et_pb_use_builder":"off","_et_pb_old_content":"Attache en macram\u00e9, pour que b\u00e9b\u00e9 puisse gambader avec style et que sa t\u00e9tine reste accroch\u00e9e en toute circonstance.\r\n\r\n<strong>Composition :<\/strong> corde 100% coton, attache en bois\r\n\r\n<strong>Dimension :<\/strong> env. 22cm","_et_gb_content_width":"","om_disable_all_campaigns":false,"_monsterinsights_skip_tracking":false,"_monsterinsights_sitenote_active":false,"_monsterinsights_sitenote_note":"","_monsterinsights_sitenote_category":0},"product_cat":[36,31],"product_tag":[],"aioseo_notices":[],"_links":{"self":[{"href":"https:\/\/lescuriositesdalbane.fr\/index.php?rest_route=\/wp\/v2\/product\/5553"}],"collection":[{"href":"https:\/\/lescuriositesdalbane.fr\/index.php?rest_route=\/wp\/v2\/product"}],"about":[{"href":"https:\/\/lescuriositesdalbane.fr\/index.php?rest_route=\/wp\/v2\/types\/product"}],"wp:featuredmedia":[{"embeddable":true,"href":"https:\/\/lescuriositesdalbane.fr\/index.php?rest_route=\/wp\/v2\/media\/5554"}],"wp:attachment":[{"href":"https:\/\/lescuriositesdalbane.fr\/index.php?rest_route=%2Fwp%2Fv2%2Fmedia&parent=5553"}],"wp:term":[{"taxonomy":"product_cat","embeddable":true,"href":"https:\/\/lescuriositesdalbane.fr\/index.php?rest_route=%2Fwp%2Fv2%2Fproduct_cat&post=5553"},{"taxonomy":"product_tag","embeddable":true,"href":"https:\/\/lescuriositesdalbane.fr\/index.php?rest_route=%2Fwp%2Fv2%2Fproduct_tag&post=5553"}],"curies":[{"name":"wp","href":"https:\/\/api.w.org\/{rel}","templated":true}]}}