{"id":5391,"date":"2022-11-16T11:53:46","date_gmt":"2022-11-16T11:53:46","guid":{"rendered":"https:\/\/lescuriositesdalbane.fr\/?post_type=product&#038;p=5391"},"modified":"2023-05-16T09:21:24","modified_gmt":"2023-05-16T09:21:24","slug":"porte-cles-en-macrame","status":"publish","type":"product","link":"https:\/\/lescuriositesdalbane.fr\/?product=porte-cles-en-macrame","title":{"rendered":"PORTE-CL\u00c9S \u00ab\u00a0KUMI\u00a0\u00bb"},"content":{"rendered":"<p>Agr\u00e9menter vos cl\u00e9s ou votre sac de ce joli porte-cl\u00e9 en macram\u00e9.<br \/>\nC&rsquo;est \u00e9galement un tr\u00e8s joli cadeau \u00e0 offrir \u00e0 un proche.<\/p>\n<p>Ce porte-cl\u00e9s est une pi\u00e8ce unique faite \u00e0 la main, une l\u00e9g\u00e8re diff\u00e9rence de forme et de couleur peut appara\u00eetre par rapport aux photos.<\/p>\n<p><strong>Composition :<\/strong>\u00a0corde 100% coton certifi\u00e9e GOTS et OEKO-TEX, crochet bronze<br \/>\n<strong>Dimension :<\/strong> env. 17 cm (crochet inclus)<\/p>\n","protected":false},"excerpt":{"rendered":"<p>Agr\u00e9menter vos cl\u00e9s ou votre sac de ce joli porte-cl\u00e9 en macram\u00e9. C&rsquo;est \u00e9galement un tr\u00e8s joli cadeau \u00e0 offrir \u00e0 un proche. Ce porte-cl\u00e9s est une pi\u00e8ce unique faite \u00e0 la main, une l\u00e9g\u00e8re diff\u00e9rence de forme et de couleur peut appara\u00eetre par rapport aux photos. Composition :\u00a0corde 100% coton certifi\u00e9e GOTS et OEKO-TEX, [&hellip;]<\/p>\n","protected":false},"featured_media":5389,"template":"","meta":{"_et_pb_use_builder":"off","_et_pb_old_content":"Agr\u00e9menter vos cl\u00e9s ou votre sac de ce joli porte-cl\u00e9 en macram\u00e9.","_et_gb_content_width":"","om_disable_all_campaigns":false,"_monsterinsights_skip_tracking":false,"_monsterinsights_sitenote_active":false,"_monsterinsights_sitenote_note":"","_monsterinsights_sitenote_category":0},"product_cat":[31,37],"product_tag":[],"aioseo_notices":[],"_links":{"self":[{"href":"https:\/\/lescuriositesdalbane.fr\/index.php?rest_route=\/wp\/v2\/product\/5391"}],"collection":[{"href":"https:\/\/lescuriositesdalbane.fr\/index.php?rest_route=\/wp\/v2\/product"}],"about":[{"href":"https:\/\/lescuriositesdalbane.fr\/index.php?rest_route=\/wp\/v2\/types\/product"}],"wp:featuredmedia":[{"embeddable":true,"href":"https:\/\/lescuriositesdalbane.fr\/index.php?rest_route=\/wp\/v2\/media\/5389"}],"wp:attachment":[{"href":"https:\/\/lescuriositesdalbane.fr\/index.php?rest_route=%2Fwp%2Fv2%2Fmedia&parent=5391"}],"wp:term":[{"taxonomy":"product_cat","embeddable":true,"href":"https:\/\/lescuriositesdalbane.fr\/index.php?rest_route=%2Fwp%2Fv2%2Fproduct_cat&post=5391"},{"taxonomy":"product_tag","embeddable":true,"href":"https:\/\/lescuriositesdalbane.fr\/index.php?rest_route=%2Fwp%2Fv2%2Fproduct_tag&post=5391"}],"curies":[{"name":"wp","href":"https:\/\/api.w.org\/{rel}","templated":true}]}}