{"id":5884,"date":"2023-05-01T17:40:53","date_gmt":"2023-05-01T17:40:53","guid":{"rendered":"https:\/\/lescuriositesdalbane.fr\/?page_id=5884"},"modified":"2023-05-01T17:40:53","modified_gmt":"2023-05-01T17:40:53","slug":"conditions-generales-de-vente","status":"publish","type":"page","link":"https:\/\/lescuriositesdalbane.fr\/?page_id=5884","title":{"rendered":"Conditions g\u00e9n\u00e9rales de vente"},"content":{"rendered":"<p>[et_pb_section fb_built=\u00a0\u00bb1&Prime; theme_builder_area=\u00a0\u00bbpost_content\u00a0\u00bb _builder_version=\u00a0\u00bb4.19.0&Prime; _module_preset=\u00a0\u00bbdefault\u00a0\u00bb][et_pb_row _builder_version=\u00a0\u00bb4.19.0&Prime; _module_preset=\u00a0\u00bbdefault\u00a0\u00bb theme_builder_area=\u00a0\u00bbpost_content\u00a0\u00bb][et_pb_column _builder_version=\u00a0\u00bb4.19.0&Prime; _module_preset=\u00a0\u00bbdefault\u00a0\u00bb type=\u00a0\u00bb4_4&Prime; theme_builder_area=\u00a0\u00bbpost_content\u00a0\u00bb][et_pb_text _builder_version=\u00a0\u00bb4.19.0&Prime; _module_preset=\u00a0\u00bbdefault\u00a0\u00bb theme_builder_area=\u00a0\u00bbpost_content\u00a0\u00bb text_font=\u00a0\u00bbAlbert Sans|||on|||||\u00a0\u00bb text_text_color=\u00a0\u00bb#000000&Prime; text_font_size=\u00a0\u00bb30px\u00a0\u00bb text_letter_spacing=\u00a0\u00bb5px\u00a0\u00bb text_line_height=\u00a0\u00bb1.8em\u00a0\u00bb background_color=\u00a0\u00bb#F4EFEA\u00a0\u00bb custom_padding=\u00a0\u00bb|||15px|false|false\u00a0\u00bb hover_enabled=\u00a0\u00bb0&Prime; sticky_enabled=\u00a0\u00bb0&Prime;]<\/p>\n<p>Conditions g\u00e9n\u00e9rales de vente<\/p>\n<p>[\/et_pb_text][et_pb_text _builder_version=\u00a0\u00bb4.19.0&Prime; _module_preset=\u00a0\u00bbdefault\u00a0\u00bb theme_builder_area=\u00a0\u00bbpost_content\u00a0\u00bb text_font=\u00a0\u00bbAlbert Sans|||on|||||\u00a0\u00bb text_font_size=\u00a0\u00bb20px\u00a0\u00bb text_text_color=\u00a0\u00bb#C4815F\u00a0\u00bb hover_enabled=\u00a0\u00bb0&Prime; sticky_enabled=\u00a0\u00bb0&Prime;]<\/p>\n<p>1. Informations g\u00e9n\u00e9rales<\/p>\n<p>[\/et_pb_text][et_pb_text _builder_version=\u00a0\u00bb4.19.0&Prime; _module_preset=\u00a0\u00bbdefault\u00a0\u00bb theme_builder_area=\u00a0\u00bbpost_content\u00a0\u00bb text_font_size=\u00a0\u00bb15px\u00a0\u00bb hover_enabled=\u00a0\u00bb0&Prime; sticky_enabled=\u00a0\u00bb0&Prime;]<\/p>\n<p>\u2022 La micro-entreprise <em>Les curiosit\u00e9s d&rsquo;Albane <\/em>qui appartient \u00e0 G\u00e9raldine VIVET se situe \u00e0 M\u00e9rignac en Gironde.<br \/>Son num\u00e9ro de SIRET est 878 133 917 00012.<br \/>\u2022 La TVA n&rsquo;est pas appliqu\u00e9e<br \/>\u2022 Le client d\u00e9clare avoir pris connaissance et avoir accept\u00e9 les conditions g\u00e9n\u00e9rales de vente avant la finalisation de sa commande.<\/p>\n<p>[\/et_pb_text][et_pb_text _builder_version=\u00a0\u00bb4.19.0&Prime; _module_preset=\u00a0\u00bbdefault\u00a0\u00bb theme_builder_area=\u00a0\u00bbpost_content\u00a0\u00bb text_font=\u00a0\u00bbAlbert Sans|||on|||||\u00a0\u00bb text_font_size=\u00a0\u00bb20px\u00a0\u00bb text_text_color=\u00a0\u00bb#C4815F\u00a0\u00bb hover_enabled=\u00a0\u00bb0&Prime; sticky_enabled=\u00a0\u00bb0&Prime;]<\/p>\n<p>2. TARIFS ET CONDITIONS DE PAIEMENT<\/p>\n<p>[\/et_pb_text][et_pb_text _builder_version=\u00a0\u00bb4.19.0&Prime; _module_preset=\u00a0\u00bbdefault\u00a0\u00bb theme_builder_area=\u00a0\u00bbpost_content\u00a0\u00bb text_font_size=\u00a0\u00bb15px\u00a0\u00bb hover_enabled=\u00a0\u00bb0&Prime; sticky_enabled=\u00a0\u00bb0&Prime;]<\/p>\n<p>\u2022 Les prix de vente sont ceux en vigueur au jour de la prise de commande. Ils sont libell\u00e9s en euros, sans TVA, et n\u2019incluent pas les frais de port factur\u00e9s en plus du prix des produits achet\u00e9s. Les frais de port sont ajout\u00e9s au montant de la commande et peuvent varier en fonction du poids du colis.<br \/>\u2022 <em>Les curiosit\u00e9s d&rsquo;Albane<\/em> s&rsquo;accorde le droit de modifier ses tarifs \u00e0 tout moment. Toutefois, elle s&rsquo;engage \u00e0 facturer les produits command\u00e9s aux prix indiqu\u00e9s lors de l&rsquo;enregistrement de la commande.<br \/>\u2022 Le paiement de la commande s&rsquo;effectue en totalit\u00e9 le jour de la commande. Il se fait en ligne par carte bancaire via la plateforme s\u00e9curis\u00e9e STRIPE.<\/p>\n<p>[\/et_pb_text][et_pb_text _builder_version=\u00a0\u00bb4.19.0&Prime; _module_preset=\u00a0\u00bbdefault\u00a0\u00bb theme_builder_area=\u00a0\u00bbpost_content\u00a0\u00bb text_font=\u00a0\u00bbAlbert Sans|||on|||||\u00a0\u00bb text_font_size=\u00a0\u00bb20px\u00a0\u00bb text_text_color=\u00a0\u00bb#C4815F\u00a0\u00bb hover_enabled=\u00a0\u00bb0&Prime; sticky_enabled=\u00a0\u00bb0&Prime;]<\/p>\n<p>3. CONTRAT<\/p>\n<p>[\/et_pb_text][et_pb_text _builder_version=\u00a0\u00bb4.19.0&Prime; _module_preset=\u00a0\u00bbdefault\u00a0\u00bb theme_builder_area=\u00a0\u00bbpost_content\u00a0\u00bb text_font_size=\u00a0\u00bb15px\u00a0\u00bb hover_enabled=\u00a0\u00bb0&Prime; sticky_enabled=\u00a0\u00bb0&Prime;]<\/p>\n<p>\u2022 Conform\u00e9ment \u00e0 l\u2019article 1127-1 du Code civil et afin de conclure la commande, le client doit achever les diff\u00e9rentes \u00e9tapes de cette derni\u00e8re ; telles que le choix du produit, de la couleur, de la personnalisation du produit, les coordonn\u00e9es n\u00e9cessaires \u00e0 l&rsquo;envoi du colis, l&rsquo;accord des pr\u00e9sentes conditions g\u00e9n\u00e9rales de ventes ainsi que le paiement.<br \/>Toutes ces informations devront \u00eatre v\u00e9rifi\u00e9es avant confirmation de la commande.<\/p>\n<p>[\/et_pb_text][et_pb_text _builder_version=\u00a0\u00bb4.19.0&Prime; _module_preset=\u00a0\u00bbdefault\u00a0\u00bb theme_builder_area=\u00a0\u00bbpost_content\u00a0\u00bb text_font=\u00a0\u00bbAlbert Sans|||on|||||\u00a0\u00bb text_font_size=\u00a0\u00bb20px\u00a0\u00bb text_text_color=\u00a0\u00bb#C4815F\u00a0\u00bb hover_enabled=\u00a0\u00bb0&Prime; sticky_enabled=\u00a0\u00bb0&Prime;]<\/p>\n<p>4. FABRICATION ARTISANALE<\/p>\n<p>[\/et_pb_text][et_pb_text _builder_version=\u00a0\u00bb4.19.0&Prime; _module_preset=\u00a0\u00bbdefault\u00a0\u00bb theme_builder_area=\u00a0\u00bbpost_content\u00a0\u00bb text_font_size=\u00a0\u00bb15px\u00a0\u00bb hover_enabled=\u00a0\u00bb0&Prime; sticky_enabled=\u00a0\u00bb0&Prime;]<\/p>\n<p>\u2022 Les produits en vente sur le site lescuriositesdalbane.fr sont r\u00e9alis\u00e9s \u00e0 la main.<br \/>Les tissus r\u00e9pondent \u00e0 la <strong>certification OEKO-TEX\u00ae<\/strong> Standard 100.<br \/>Les cordes utilis\u00e9es pour les produits en macram\u00e9 sont \u00e9co-responsables et de fabrication fran\u00e7aise et europ\u00e9enne. <br \/>La jesmonite est un produit naturel \u00e0 base d&rsquo;eau et sans solvants, pour des produits \u00e9cologiques.<br \/>\u2022 Chaque produit correspond \u00e0 la description de sa fiche produit et <em>Les curiosit\u00e9s d&rsquo;Albane<\/em> s\u2019engage \u00e0 respecter les caract\u00e9ristiques indiqu\u00e9es.<br \/>Cependant, de par leur nature artisanale qui rend chaque produit unique, les couleurs et aspects peuvent l\u00e9g\u00e8rement varier d&rsquo;un produit \u00e0 un autre. <\/p>\n<p>[\/et_pb_text][et_pb_text _builder_version=\u00a0\u00bb4.19.0&Prime; _module_preset=\u00a0\u00bbdefault\u00a0\u00bb theme_builder_area=\u00a0\u00bbpost_content\u00a0\u00bb text_font=\u00a0\u00bbAlbert Sans|||on|||||\u00a0\u00bb text_font_size=\u00a0\u00bb20px\u00a0\u00bb text_text_color=\u00a0\u00bb#C4815F\u00a0\u00bb hover_enabled=\u00a0\u00bb0&Prime; sticky_enabled=\u00a0\u00bb0&Prime;]<\/p>\n<p>5. LIVRAISONS<\/p>\n<p>[\/et_pb_text][et_pb_text _builder_version=\u00a0\u00bb4.19.0&Prime; _module_preset=\u00a0\u00bbdefault\u00a0\u00bb theme_builder_area=\u00a0\u00bbpost_content\u00a0\u00bb text_font_size=\u00a0\u00bb15px\u00a0\u00bb hover_enabled=\u00a0\u00bb0&Prime; sticky_enabled=\u00a0\u00bb0&Prime;]<\/p>\n<p>\u2022 Les frais de port comprennent l\u2019emballage, le transport et la livraison des produits.<br \/>\u2022 Les commandes sont exp\u00e9di\u00e9es par la Poste. Les articles l\u00e9gers sont exp\u00e9di\u00e9s en lettre suivie et les articles lourds par Colissimo avec signature.<br \/>\u2022 Le d\u00e9lais de livraison peut varier en fonction du produit.<br \/>\u2022 Les produits sont livr\u00e9s \u00e0 l&rsquo;adresse indiqu\u00e9e par le client sur le bon de commande, le client devra veiller \u00e0 son exactitude.<\/p>\n<p>[\/et_pb_text][\/et_pb_column][\/et_pb_row][\/et_pb_section]<\/p>\n","protected":false},"excerpt":{"rendered":"<p>Conditions g\u00e9n\u00e9rales de vente1. Informations g\u00e9n\u00e9rales\u2022 La micro-entreprise Les curiosit\u00e9s d&rsquo;Albane qui appartient \u00e0 G\u00e9raldine VIVET se situe \u00e0 M\u00e9rignac en Gironde.Son num\u00e9ro de SIRET est 878 133 917 00012.\u2022 La TVA n&rsquo;est pas appliqu\u00e9e\u2022 Le client d\u00e9clare avoir pris connaissance et avoir accept\u00e9 les conditions g\u00e9n\u00e9rales de vente avant la finalisation de sa commande.2. [&hellip;]<\/p>\n","protected":false},"author":1,"featured_media":0,"parent":0,"menu_order":0,"comment_status":"closed","ping_status":"closed","template":"","meta":{"_et_pb_use_builder":"on","_et_pb_old_content":"","_et_gb_content_width":"","om_disable_all_campaigns":false,"_monsterinsights_skip_tracking":false,"_monsterinsights_sitenote_active":false,"_monsterinsights_sitenote_note":"","_monsterinsights_sitenote_category":0,"footnotes":""},"aioseo_notices":[],"_links":{"self":[{"href":"https:\/\/lescuriositesdalbane.fr\/index.php?rest_route=\/wp\/v2\/pages\/5884"}],"collection":[{"href":"https:\/\/lescuriositesdalbane.fr\/index.php?rest_route=\/wp\/v2\/pages"}],"about":[{"href":"https:\/\/lescuriositesdalbane.fr\/index.php?rest_route=\/wp\/v2\/types\/page"}],"author":[{"embeddable":true,"href":"https:\/\/lescuriositesdalbane.fr\/index.php?rest_route=\/wp\/v2\/users\/1"}],"replies":[{"embeddable":true,"href":"https:\/\/lescuriositesdalbane.fr\/index.php?rest_route=%2Fwp%2Fv2%2Fcomments&post=5884"}],"version-history":[{"count":3,"href":"https:\/\/lescuriositesdalbane.fr\/index.php?rest_route=\/wp\/v2\/pages\/5884\/revisions"}],"predecessor-version":[{"id":5889,"href":"https:\/\/lescuriositesdalbane.fr\/index.php?rest_route=\/wp\/v2\/pages\/5884\/revisions\/5889"}],"wp:attachment":[{"href":"https:\/\/lescuriositesdalbane.fr\/index.php?rest_route=%2Fwp%2Fv2%2Fmedia&parent=5884"}],"curies":[{"name":"wp","href":"https:\/\/api.w.org\/{rel}","templated":true}]}}